{"id":6261,"date":"2024-06-17T16:47:51","date_gmt":"2024-06-17T13:47:51","guid":{"rendered":"https:\/\/ymuenerji.com\/?page_id=6261"},"modified":"2024-06-17T16:48:49","modified_gmt":"2024-06-17T13:48:49","slug":"misyon-vizyon","status":"publish","type":"page","link":"https:\/\/ymuenerji.com\/index.php\/misyon-vizyon\/","title":{"rendered":"M\u0130SYON &amp; V\u0130ZYON"},"content":{"rendered":"\t\t<div data-elementor-type=\"wp-page\" data-elementor-id=\"6261\" class=\"elementor elementor-6261\">\n\t\t\t\t\t\t\t\t\t<div class=\"elementor-section elementor-top-section elementor-element elementor-element-a4a3a07 px-4 elementor-section-boxed elementor-section-height-default elementor-section-height-default\" data-id=\"a4a3a07\" data-element_type=\"section\" data-settings=\"{&quot;background_background&quot;:&quot;classic&quot;}\">\r\n\t\t\r\n\t\t\t\t\t\t\t<div class=\"elementor-container elementor-column-gap-default\">\r\n\t\t\t\t\t\t\t\t\t\t\t<div class=\"elementor-column elementor-col-100 elementor-top-column elementor-element elementor-element-c5fb0d5\" data-id=\"c5fb0d5\" data-element_type=\"column\">\r\n\t\t\t\t\t<div class=\"elementor-widget-wrap elementor-element-populated\">\r\n\t\t\t\t\t\t\t\t<div class=\"elementor-element elementor-element-56ae47f elementor-invisible elementor-widget elementor-widget-text-editor\" data-id=\"56ae47f\" data-element_type=\"widget\" data-settings=\"{&quot;_animation&quot;:&quot;fadeInUp&quot;}\" data-widget_type=\"text-editor.default\">\n\t\t\t\t<div class=\"elementor-widget-container\">\n\t\t\t<style>\/*! elementor - v3.16.0 - 14-09-2023 *\/\n.elementor-widget-text-editor.elementor-drop-cap-view-stacked .elementor-drop-cap{background-color:#69727d;color:#fff}.elementor-widget-text-editor.elementor-drop-cap-view-framed .elementor-drop-cap{color:#69727d;border:3px solid;background-color:transparent}.elementor-widget-text-editor:not(.elementor-drop-cap-view-default) .elementor-drop-cap{margin-top:8px}.elementor-widget-text-editor:not(.elementor-drop-cap-view-default) .elementor-drop-cap-letter{width:1em;height:1em}.elementor-widget-text-editor .elementor-drop-cap{float:left;text-align:center;line-height:1;font-size:50px}.elementor-widget-text-editor .elementor-drop-cap-letter{display:inline-block}<\/style>\t\t\t\t<h3>Misyon<\/h3><p>YMU Enerji \u00fcst\u00fcn m\u00fchendislik anlay\u0131\u015f\u0131 ile m\u00fc\u015fterisinin ihtiyac\u0131n\u0131 kar\u015f\u0131layarak en iyi hizmeti vermeyi, g\u00fcven, hizmet ve \u00fcr\u00fcn kalitesiyle t\u00fcketicinin birinci tercihi olarak s\u00fcreklili\u011fi sa\u011flamay\u0131 misyon edinmi\u015ftir.<\/p><p>\u00a0<\/p><h3>Vizyon<\/h3><p>YMU Enerji yenilik\u00e7i anlay\u0131\u015f\u0131 ve hizmet kalitesiyle kendi alan\u0131nda \u00fclke genelindeki en g\u00fcvenilir firma olmay\u0131 vizyon edinmi\u015ftir.<\/p>\t\t\t\t\t\t<\/div>\n\t\t\t\t<\/div>\n\t\t\t\t\t<\/div>\r\n\t\t\t\t<\/div>\r\n\t\t\t\t\t<\/div>\r\n\t\t\t\t<\/div>\r\n\t\t\t\t\t\t\t<\/div>\n\t\t","protected":false},"excerpt":{"rendered":"<p>Misyon YMU Enerji \u00fcst\u00fcn m\u00fchendislik anlay\u0131\u015f\u0131 ile m\u00fc\u015fterisinin ihtiyac\u0131n\u0131 kar\u015f\u0131layarak en iyi hizmeti vermeyi, g\u00fcven, hizmet ve \u00fcr\u00fcn kalitesiyle t\u00fcketicinin birinci tercihi olarak s\u00fcreklili\u011fi sa\u011flamay\u0131 misyon edinmi\u015ftir. \u00a0 Vizyon YMU Enerji yenilik\u00e7i anlay\u0131\u015f\u0131 ve hizmet kalitesiyle kendi alan\u0131nda \u00fclke genelindeki en g\u00fcvenilir firma olmay\u0131 vizyon edinmi\u015ftir.<\/p>\n","protected":false},"author":1,"featured_media":0,"parent":0,"menu_order":0,"comment_status":"closed","ping_status":"closed","template":"","meta":{"footnotes":""},"class_list":["post-6261","page","type-page","status-publish","hentry"],"_links":{"self":[{"href":"https:\/\/ymuenerji.com\/index.php\/wp-json\/wp\/v2\/pages\/6261","targetHints":{"allow":["GET"]}}],"collection":[{"href":"https:\/\/ymuenerji.com\/index.php\/wp-json\/wp\/v2\/pages"}],"about":[{"href":"https:\/\/ymuenerji.com\/index.php\/wp-json\/wp\/v2\/types\/page"}],"author":[{"embeddable":true,"href":"https:\/\/ymuenerji.com\/index.php\/wp-json\/wp\/v2\/users\/1"}],"replies":[{"embeddable":true,"href":"https:\/\/ymuenerji.com\/index.php\/wp-json\/wp\/v2\/comments?post=6261"}],"version-history":[{"count":7,"href":"https:\/\/ymuenerji.com\/index.php\/wp-json\/wp\/v2\/pages\/6261\/revisions"}],"predecessor-version":[{"id":6268,"href":"https:\/\/ymuenerji.com\/index.php\/wp-json\/wp\/v2\/pages\/6261\/revisions\/6268"}],"wp:attachment":[{"href":"https:\/\/ymuenerji.com\/index.php\/wp-json\/wp\/v2\/media?parent=6261"}],"curies":[{"name":"wp","href":"https:\/\/api.w.org\/{rel}","templated":true}]}}