{"id":6379,"date":"2024-06-19T16:18:01","date_gmt":"2024-06-19T13:18:01","guid":{"rendered":"https:\/\/ymuenerji.com\/?page_id=6379"},"modified":"2024-06-21T13:27:28","modified_gmt":"2024-06-21T10:27:28","slug":"ymu-enerji-trifaze","status":"publish","type":"page","link":"https:\/\/ymuenerji.com\/index.php\/ymu-enerji-trifaze\/","title":{"rendered":"YMU Enerji Trifaze"},"content":{"rendered":"\t\t<div data-elementor-type=\"wp-page\" data-elementor-id=\"6379\" class=\"elementor elementor-6379\">\n\t\t\t\t\t\t\t\t\t<div class=\"elementor-section elementor-top-section elementor-element elementor-element-a4a3a07 px-4 elementor-section-boxed elementor-section-height-default elementor-section-height-default\" data-id=\"a4a3a07\" data-element_type=\"section\" data-settings=\"{&quot;background_background&quot;:&quot;classic&quot;}\">\r\n\t\t\r\n\t\t\t\t\t\t\t<div class=\"elementor-container elementor-column-gap-default\">\r\n\t\t\t\t\t\t\t\t\t\t\t<div class=\"elementor-column elementor-col-50 elementor-top-column elementor-element elementor-element-68a80ac elementor-invisible\" data-id=\"68a80ac\" data-element_type=\"column\" data-settings=\"{&quot;animation&quot;:&quot;fadeInLeft&quot;}\">\r\n\t\t\t\t\t<div class=\"elementor-widget-wrap elementor-element-populated\">\r\n\t\t\t\t\t\t\t\t<div class=\"elementor-section elementor-inner-section elementor-element elementor-element-6addc2d elementor-section-boxed elementor-section-height-default elementor-section-height-default\" data-id=\"6addc2d\" data-element_type=\"section\" data-settings=\"{&quot;item_margin&quot;:0}\">\r\n\t\t\r\n\t\t\t\t\t\t\t<div class=\"elementor-container elementor-column-gap-no porto-carousel owl-carousel has-ccols ccols-1\" data-plugin-options=\"{&quot;margin&quot;:0,&quot;items&quot;:1,&quot;nav&quot;:false,&quot;dots&quot;:true,&quot;loop&quot;:false,&quot;mouseDrag&quot;:true,&quot;touchDrag&quot;:true,&quot;themeConfig&quot;:true,&quot;autoplay&quot;:false}\">\r\n\t\t\t\t\t\t\t\t\t\t\t<div class=\"porto-ibanner elementor-column elementor-col-100 elementor-inner-column elementor-element elementor-element-0859e57 mb-0\" data-id=\"0859e57\" data-element_type=\"column\">\r\n\t\t<img loading=\"lazy\" decoding=\"async\" src=\"https:\/\/ymuenerji.com\/wp-content\/uploads\/2024\/06\/YMU_GORSEL_1-removebg-preview-removebg-preview.png\" alt=\"\" width=\"300\" height=\"531\" class=\"porto-ibanner-img\"><style>.elementor-element-0859e57 .porto-ibanner-layer {left: 50%;right: unset;top: 50%;bottom: unset;transform: translate(-50%, -50%);}<\/style>\t\t\t<div class=\"porto-ibanner-layer elementor-widget-wrap\">\r\n\t\t\t\t\t\t\t\t\t<\/div>\r\n\t\t\t\t<\/div>\r\n\t\t\t\t\t<\/div>\r\n\t\t\t\t<\/div>\r\n\t\t\t\t\t<\/div>\r\n\t\t\t\t<\/div>\r\n\t\t\t\t<div class=\"elementor-column elementor-col-50 elementor-top-column elementor-element elementor-element-c5fb0d5\" data-id=\"c5fb0d5\" data-element_type=\"column\">\r\n\t\t\t\t\t<div class=\"elementor-widget-wrap elementor-element-populated\">\r\n\t\t\t\t\t\t\t\t<div class=\"elementor-element elementor-element-56ae47f case-informations elementor-invisible elementor-widget elementor-widget-text-editor\" data-id=\"56ae47f\" data-element_type=\"widget\" data-settings=\"{&quot;_animation&quot;:&quot;fadeInUp&quot;}\" data-widget_type=\"text-editor.default\">\n\t\t\t\t<div class=\"elementor-widget-container\">\n\t\t\t<style>\/*! elementor - v3.16.0 - 14-09-2023 *\/\n.elementor-widget-text-editor.elementor-drop-cap-view-stacked .elementor-drop-cap{background-color:#69727d;color:#fff}.elementor-widget-text-editor.elementor-drop-cap-view-framed .elementor-drop-cap{color:#69727d;border:3px solid;background-color:transparent}.elementor-widget-text-editor:not(.elementor-drop-cap-view-default) .elementor-drop-cap{margin-top:8px}.elementor-widget-text-editor:not(.elementor-drop-cap-view-default) .elementor-drop-cap-letter{width:1em;height:1em}.elementor-widget-text-editor .elementor-drop-cap{float:left;text-align:center;line-height:1;font-size:50px}.elementor-widget-text-editor .elementor-drop-cap-letter{display:inline-block}<\/style>\t\t\t\t<h2>Teknik \u00d6zellikler<\/h2><ul><li>Nominal Voltaj<div>: (Un) 250 &#8211; 400 Vac<\/div><\/li><li>Nominal Frekans<div>: (Fn) 50 Hz.<\/div><\/li><li>Tolerans<div>: +- %10<\/div><\/li><li>\u00c7al\u0131\u015fma S\u0131cakl\u0131\u011f\u0131<div>: -35 &#8211; +85<\/div><\/li><li>Kay\u0131p Fakt\u00f6r\u00fc<div>: 0,002 (50Hz)<\/div><\/li><li>Terminaller Aras\u0131 Test<div>: Un 2 Sn.<\/div><\/li><li>Max \u0130zin Verilen Voltaj<div>: 1.1 Un.<\/div><\/li><li>Max \u0130zin Verilen Ak\u0131m<div>: 1.3 In<\/div><\/li><li>D\u0131\u015f Muhafaza<div>Alev Almaz<\/div><\/li><li>Harici Terminal<div>: Flexible Kablo 0.75 &#8211; 1.5mm\u00b2<\/div><\/li><li>Re\u00e7ine<div>: Poli\u00fcretan<\/div><\/li><li>Uygunluk<div>: Non-PCB, S\u0131zrna Riski Yok<\/div><\/li><li>Dayan\u0131m Gerilimi<div>220-400 V 2 Sn.<\/div><\/li><\/ul><h2>YMU Enerji&#8217;nin \u00e7al\u0131\u015fma mant\u0131\u011f\u0131 nedir? Nas\u0131l \u00c7al\u0131\u015f\u0131r?<\/h2><p>Evlerinizde ve i\u015f yerlerinizde kullanm\u0131\u015f oldu\u011funuz elektrik, alternatif elektriktir. Alternatif elektrik; zamana ba\u011fl\u0131 olarak y\u00f6n\u00fc ve \u015fiddeti de\u011fi\u015fken bir ak\u0131md\u0131r.<\/p><p>Alternatif elektrik, alternatif b\u00fcy\u00fck elektrik devrelerinde ve y\u00fcksek g\u00fc\u00e7l\u00fc motorlarda kullan\u0131l\u0131r. \u00d6rne\u011fin; buzdolab\u0131, \u00e7ama\u015f\u0131r makinesi, bula\u015f\u0131k makinesi, aspirat\u00f6r, vantilat\u00f6r, klima direkt alternatif ak\u0131m ile ba\u015flar. Televizyon, m\u00fczik seti gibi cihazlar ise alternatif ak\u0131m\u0131 do\u011fru ak\u0131ma \u00e7eviren do\u011frultma\u00e7larla kullan\u0131l\u0131r. Bu aletlerin daha sabit olmalar\u0131 i\u00e7in g\u00fc\u00e7 kayna\u011f\u0131na reg\u00fcle devresi eklenerek \u00e7al\u0131\u015ft\u0131r\u0131lmas\u0131 gerekir. Bu noktada YMU Enerji, ak\u0131m ile faz fark\u0131n\u0131 giderme mant\u0131\u011f\u0131 ile \u00e7al\u0131\u015f\u0131r. \u015eebeke dalgalanmalar\u0131n\u0131 takibe alan YMU, \u015febekeden \u00e7ekilen faydas\u0131z denilecek enerjiden kurtularak tam verimli enerjiyi almam\u0131z\u0131 sa\u011flar. Sistem kapasitesini iyile\u015ftirerek ilave bir kapasite alan\u0131 yarat\u0131r.\u00a0<\/p><h3>YMU Enerji Trifaze<\/h3><p>\u0130\u015fletmelerinizde kullanabilece\u011finiz YMU Enerji, ak\u0131m ile faz fark\u0131n\u0131 giderme mant\u0131\u011f\u0131 ile \u00e7al\u0131\u015f\u0131r. \u015eebeke dalgalanmalar\u0131n\u0131 takibe alan YMU, \u015febekeden \u00e7ekilen faydas\u0131z denilecek enerjiden kurtularak tam verimli enerjiyi almam\u0131z\u0131 sa\u011flar. Sistem kapasitesini iyile\u015ftirerek ilave bir kapasite alan\u0131 yarat\u0131r.<\/p>\t\t\t\t\t\t<\/div>\n\t\t\t\t<\/div>\n\t\t\t\t\t<\/div>\r\n\t\t\t\t<\/div>\r\n\t\t\t\t\t<\/div>\r\n\t\t\t\t<\/div>\r\n\t\t\t\t<section class=\"elementor-section elementor-top-section elementor-element elementor-element-2c25f89 p-t-xlg elementor-section-boxed elementor-section-height-default elementor-section-height-default\" data-id=\"2c25f89\" data-element_type=\"section\" data-settings=\"{&quot;background_background&quot;:&quot;classic&quot;}\">\r\n\t\t\r\n\t\t\t\t\t\t\t<div class=\"elementor-container elementor-column-gap-default\">\r\n\t\t\t\t\t\t\t\t\t\t\t<div class=\"elementor-column elementor-col-100 elementor-top-column elementor-element elementor-element-6f99b49 p-t-md\" data-id=\"6f99b49\" data-element_type=\"column\">\r\n\t\t\t\t\t<div class=\"elementor-widget-wrap elementor-element-populated\">\r\n\t\t\t\t\t\t\t\t<div class=\"elementor-element elementor-element-2737057 elementor-widget elementor-widget-text-editor\" data-id=\"2737057\" data-element_type=\"widget\" data-widget_type=\"text-editor.default\">\n\t\t\t\t<div class=\"elementor-widget-container\">\n\t\t\t\t\t\t\t<h3>YMU Enerji Hangi Kay\u0131plar\u0131 \u00d6nler?<\/h3><ul><li>Harcanan enerjiyi minimum seviyeye getirerek kay\u0131p-ka\u00e7aklar i\u00e7in \u00f6denilen mebla\u011fdan sizleri kurtar\u0131r. Elektrikli aletlerinizi kullan\u0131m al\u0131\u015fkanl\u0131\u011f\u0131n\u0131z\u0131 bozmadan elektrik faturalar\u0131n\u0131zdaki tasarrufu hissedersiniz.\u00a0<\/li><li>Ortak da\u011f\u0131t\u0131m hatt\u0131ndan daha fazla aktif enerji iletilebilece\u011finden; \u00fcretim, iletim ve da\u011f\u0131t\u0131m tesisleriyle birlikte evinizdeki enerji da\u011f\u0131t\u0131m altyap\u0131s\u0131n\u0131n kapasite ve verimi y\u00fckselmi\u015f olur.\u00a0<\/li><li>Kay\u0131plar\u0131 engeller ve sistemin kapasitesini iyile\u015ftirerek ilave bir kapasite alan\u0131 yarat\u0131r. Yetersiz kapasiteden ya\u015fanan kesintilerin \u00f6n\u00fcne ge\u00e7me konusunda \u00f6nemli bir rol alm\u0131\u015f olursunuz.\u00a0<\/li><li>D\u00fcnyaya yayd\u0131\u011f\u0131n\u0131z \u0131s\u0131l kay\u0131plar\u0131 azalt\u0131r, \u00e7evreyi koruma ad\u0131na karbon emisyonu ayak izinizi k\u00fc\u00e7\u00fcltm\u00fc\u015f olursunuz.\u00a0<\/li><\/ul><h3>YMU Enerji yasal m\u0131d\u0131r?<\/h3><p>YMU Enerji cihaz\u0131, di\u011fer t\u00fcm elektrikli ev aletleri gibi i\u00e7 tesisata ba\u011flanan bir kompenzasyon sistemidir. Cihaz\u0131m\u0131z\u0131n elektrik sayac\u0131 ile bir ba\u011flant\u0131s\u0131 olmay\u0131p, yasalara ayk\u0131r\u0131 hi\u00e7bir durumu yoktur. %100 yasald\u0131r.\u00a0<\/p><p>15 Ocak 2004 tarihli 25347 say\u0131l\u0131 Resmi Gazete ile, 2 May\u0131s 2007 tarih ve 26510 say\u0131l\u0131 Resmi Gazetelere g\u00f6re TEDA\u015e Enerji Kanunu Kompenzasyonu t\u00fcm T\u00fcrkiye&#8217;ye yaymaya te\u015fvik etmektedir.\u00a0<\/p>\t\t\t\t\t\t<\/div>\n\t\t\t\t<\/div>\n\t\t\t\t\t<\/div>\r\n\t\t\t\t<\/div>\r\n\t\t\t\t\t<\/div>\r\n\t\t\t\t<\/section>\r\n\t\t\t\t\t\t\t<\/div>\n\t\t","protected":false},"excerpt":{"rendered":"<p>Teknik \u00d6zellikler Nominal Voltaj: (Un) 250 &#8211; 400 Vac Nominal Frekans: (Fn) 50 Hz. Tolerans: +- %10 \u00c7al\u0131\u015fma S\u0131cakl\u0131\u011f\u0131: -35 &#8211; +85 Kay\u0131p Fakt\u00f6r\u00fc: 0,002 (50Hz) Terminaller Aras\u0131 Test: Un 2 Sn. Max \u0130zin Verilen Voltaj: 1.1 Un. Max \u0130zin Verilen Ak\u0131m: 1.3 In D\u0131\u015f MuhafazaAlev Almaz Harici Terminal: Flexible Kablo 0.75 &#8211; 1.5mm\u00b2 Re\u00e7ine: [&hellip;]<\/p>\n","protected":false},"author":1,"featured_media":0,"parent":0,"menu_order":0,"comment_status":"closed","ping_status":"closed","template":"","meta":{"footnotes":""},"class_list":["post-6379","page","type-page","status-publish","hentry"],"_links":{"self":[{"href":"https:\/\/ymuenerji.com\/index.php\/wp-json\/wp\/v2\/pages\/6379","targetHints":{"allow":["GET"]}}],"collection":[{"href":"https:\/\/ymuenerji.com\/index.php\/wp-json\/wp\/v2\/pages"}],"about":[{"href":"https:\/\/ymuenerji.com\/index.php\/wp-json\/wp\/v2\/types\/page"}],"author":[{"embeddable":true,"href":"https:\/\/ymuenerji.com\/index.php\/wp-json\/wp\/v2\/users\/1"}],"replies":[{"embeddable":true,"href":"https:\/\/ymuenerji.com\/index.php\/wp-json\/wp\/v2\/comments?post=6379"}],"version-history":[{"count":13,"href":"https:\/\/ymuenerji.com\/index.php\/wp-json\/wp\/v2\/pages\/6379\/revisions"}],"predecessor-version":[{"id":6569,"href":"https:\/\/ymuenerji.com\/index.php\/wp-json\/wp\/v2\/pages\/6379\/revisions\/6569"}],"wp:attachment":[{"href":"https:\/\/ymuenerji.com\/index.php\/wp-json\/wp\/v2\/media?parent=6379"}],"curies":[{"name":"wp","href":"https:\/\/api.w.org\/{rel}","templated":true}]}}